{"id":130,"date":"2016-09-26T07:25:53","date_gmt":"2016-09-26T07:25:53","guid":{"rendered":"http:\/\/productionsdulagon.com\/en\/?page_id=130"},"modified":"2025-10-18T08:23:44","modified_gmt":"2025-10-18T08:23:44","slug":"of-islands-and-men","status":"publish","type":"page","link":"http:\/\/productionsdulagon.com\/en\/catalog\/of-islands-and-men\/","title":{"rendered":"OF ISLANDS AND MEN\u2026"},"content":{"rendered":"<p style=\"text-align: justify;\" align=\"JUSTIFY\"><span style=\"font-size: small;\"><i><a href=\"http:\/productionsdulagon.com\/catalogue\/histoire-d-iles-histoires-d-hommes\/\"><img loading=\"lazy\" id=\"gmedia-image-41\" class=\"gmedia-singlepic alignnone\" title=\"HISTOIRE D\u2019\u00ceLES, HISTOIRE D\u2019HOMMES\" src=\"http:\/\/productionsdulagon.com\/wp-content\/grand-media\/image\/Histoire_d_les_histoire_d_hommes_LesProductionsduLagon.jpg\" alt=\"HISTOIRE D\u2019\u00ceLES, HISTOIRE D\u2019HOMMES\" width=\"2200\" height=\"1650\" \/><\/a><\/i><\/span><\/p>\n<hr \/>\n<p class=\"western\" style=\"text-align: justify;\" align=\"JUSTIFY\"><em>52\u2019, r\u00e9alis\u00e9 par Jean-Pierre Carlon.<br \/>\nCoproduit par Canal Maritima.<br \/>\nAvec le soutien du CNC, de la Collectivit\u00e9 Territoriale de Corse.<br \/>\nS\u00e9lection au FIPATEL 2007. Hot Docs Market 2007.<\/em><\/p>\n<hr \/>\n<p style=\"text-align: justify;\">Trois mois apr\u00e8s le drame du tsunami, les p\u00eacheurs Sri Lankais vivent toujours dans des villages de tentes et rares sont les chantiers de reconstruction. Le film mesure l\u2019impact de la vague et l\u2019incroyable mouvement de g\u00e9n\u00e9rosit\u00e9 internationale qui suivit.<br \/>\nUne occasion de cerner les vrais besoins de cette \u00eele o\u00f9 les secours se bousculent au point de devenir improductifs, avec un acc\u00e8s difficile aux zones contr\u00f4l\u00e9es par les Tigres Tamouls. En cette situation de crise, le poids \u00e9crasant de la dette ne permet plus \u00e0 l\u2019Etat d\u2019assurer aux populations la satisfaction des besoins \u00e9l\u00e9mentaires avec pour corollaires in\u00e9vitables la mis\u00e8re et la corruption.<\/p>\n","protected":false},"excerpt":{"rendered":"<p>52\u2019, r\u00e9alis\u00e9 par Jean-Pierre Carlon. Coproduit par Canal Maritima. Avec le soutien du CNC, de la Collectivit\u00e9 Territoriale de Corse. S\u00e9lection au FIPATEL 2007. Hot Docs Market 2007. Trois mois [&hellip;]<\/p>\n","protected":false},"author":1,"featured_media":0,"parent":84,"menu_order":33,"comment_status":"closed","ping_status":"closed","template":"","meta":[],"_links":{"self":[{"href":"http:\/\/productionsdulagon.com\/en\/wp-json\/wp\/v2\/pages\/130"}],"collection":[{"href":"http:\/\/productionsdulagon.com\/en\/wp-json\/wp\/v2\/pages"}],"about":[{"href":"http:\/\/productionsdulagon.com\/en\/wp-json\/wp\/v2\/types\/page"}],"author":[{"embeddable":true,"href":"http:\/\/productionsdulagon.com\/en\/wp-json\/wp\/v2\/users\/1"}],"replies":[{"embeddable":true,"href":"http:\/\/productionsdulagon.com\/en\/wp-json\/wp\/v2\/comments?post=130"}],"version-history":[{"count":5,"href":"http:\/\/productionsdulagon.com\/en\/wp-json\/wp\/v2\/pages\/130\/revisions"}],"predecessor-version":[{"id":707,"href":"http:\/\/productionsdulagon.com\/en\/wp-json\/wp\/v2\/pages\/130\/revisions\/707"}],"up":[{"embeddable":true,"href":"http:\/\/productionsdulagon.com\/en\/wp-json\/wp\/v2\/pages\/84"}],"wp:attachment":[{"href":"http:\/\/productionsdulagon.com\/en\/wp-json\/wp\/v2\/media?parent=130"}],"curies":[{"name":"wp","href":"https:\/\/api.w.org\/{rel}","templated":true}]}}