{"id":131,"date":"2016-09-26T07:26:47","date_gmt":"2016-09-26T07:26:47","guid":{"rendered":"http:\/\/productionsdulagon.com\/en\/?page_id=131"},"modified":"2025-10-18T08:29:34","modified_gmt":"2025-10-18T08:29:34","slug":"40-years-ago-the-divided-history-of-the-french-in-algeria","status":"publish","type":"page","link":"http:\/\/productionsdulagon.com\/en\/catalog\/40-years-ago-the-divided-history-of-the-french-in-algeria\/","title":{"rendered":"40 YEARS AGO&#8230; THE DIVIDED HISTORY OF THE FRENCH IN ALGERIA"},"content":{"rendered":"<p><span style=\"font-family: Times New Roman,serif;\"><span style=\"font-size: small;\"><i><a href=\"http:\/\/productionsdulagon.com\/catalogue\/il-y-a-40-ans-deja\/\"><img loading=\"lazy\" id=\"gmedia-image-79\" class=\"gmedia-singlepic alignnone\" title=\"L Y A 40 ANS D\u00c9J\u00c0\u2026 L\u2019HISTOIRE D\u00c9CHIR\u00c9E DES FRAN\u00c7AIS D\u2019ALG\u00c9RIE\" src=\"http:\/\/productionsdulagon.com\/wp-content\/grand-media\/image\/Rapatri_s_sur_le_bateau_1_.jpg\" alt=\"L Y A 40 ANS D\u00c9J\u00c0\u2026 L\u2019HISTOIRE D\u00c9CHIR\u00c9E DES FRAN\u00c7AIS D\u2019ALG\u00c9RIE\" width=\"2200\" height=\"1864\" \/><\/a><\/i><\/span><\/span><\/p>\n<hr \/>\n<p><em>52&#8242;, directed by Jean-Pierre Carlon.<\/em><br \/>\n<em>Co-produced by France T\u00e9l\u00e9visions.<\/em><br \/>\n<em>With the support of the CNC, the Conseil G\u00e9n\u00e9ral des Bouches-du-Rh\u00f4ne, the PROCIREP and the ANGOA.<\/em><\/p>\n<hr \/>\n<p>Forty years later, perhaps the time has finally come to listen to the French of Algeria. In any case, this is the goal of this film, which highlights through testimonies a &#8220;memory journey&#8221; made of a necessity: to put down roots in a new country, a new society.<br \/>\nIt is to the &#8220;intimate&#8221; pieds-noirs that I address myself. They speak to us about moments of everyday life, with the extraordinary way that this Mediterranean community has of verbalizing its emotions, its passions, its regrets as well as its angers, suddenly giving back a little of the meaning lost by History.<br \/>\nOne can ask oneself if the appeasement of the French of Algeria does not pass precisely by the revision of the judgments which we carried on them and the recognition of a more equitable history which would not evade the fracture and the brutal turn which was going tragically all to mislead them.<br \/>\nIt is also the history of two communities that were closely intertwined, that built a common work, that loved and hated each other, that tore each other apart in blood and that still today drag a dispute that no one will be able to settle for them.<\/p>\n","protected":false},"excerpt":{"rendered":"<p>52&#8242;, directed by Jean-Pierre Carlon. Co-produced by France T\u00e9l\u00e9visions. With the support of the CNC, the Conseil G\u00e9n\u00e9ral des Bouches-du-Rh\u00f4ne, the PROCIREP and the ANGOA. Forty years later, perhaps the [&hellip;]<\/p>\n","protected":false},"author":1,"featured_media":0,"parent":84,"menu_order":34,"comment_status":"closed","ping_status":"closed","template":"","meta":[],"_links":{"self":[{"href":"http:\/\/productionsdulagon.com\/en\/wp-json\/wp\/v2\/pages\/131"}],"collection":[{"href":"http:\/\/productionsdulagon.com\/en\/wp-json\/wp\/v2\/pages"}],"about":[{"href":"http:\/\/productionsdulagon.com\/en\/wp-json\/wp\/v2\/types\/page"}],"author":[{"embeddable":true,"href":"http:\/\/productionsdulagon.com\/en\/wp-json\/wp\/v2\/users\/1"}],"replies":[{"embeddable":true,"href":"http:\/\/productionsdulagon.com\/en\/wp-json\/wp\/v2\/comments?post=131"}],"version-history":[{"count":4,"href":"http:\/\/productionsdulagon.com\/en\/wp-json\/wp\/v2\/pages\/131\/revisions"}],"predecessor-version":[{"id":714,"href":"http:\/\/productionsdulagon.com\/en\/wp-json\/wp\/v2\/pages\/131\/revisions\/714"}],"up":[{"embeddable":true,"href":"http:\/\/productionsdulagon.com\/en\/wp-json\/wp\/v2\/pages\/84"}],"wp:attachment":[{"href":"http:\/\/productionsdulagon.com\/en\/wp-json\/wp\/v2\/media?parent=131"}],"curies":[{"name":"wp","href":"https:\/\/api.w.org\/{rel}","templated":true}]}}