{"id":132,"date":"2016-09-26T07:33:27","date_gmt":"2016-09-26T07:33:27","guid":{"rendered":"http:\/\/productionsdulagon.com\/en\/?page_id=132"},"modified":"2025-10-18T08:20:20","modified_gmt":"2025-10-18T08:20:20","slug":"wind-of-anger-on-the-large-blue-one","status":"publish","type":"page","link":"http:\/\/productionsdulagon.com\/en\/catalog\/wind-of-anger-on-the-large-blue-one\/","title":{"rendered":"WIND OF ANGER ON THE LARGE BLUE ONE"},"content":{"rendered":"<p align=\"JUSTIFY\"><img loading=\"lazy\" id=\"gmedia-image-2\" class=\"gmedia-singlepic alignnone\" title=\"A La Radio 1 \" src=\"http:\/\/productionsdulagon.com\/en\/wp-content\/grand-media\/image\/A_la_radio_1__1.jpg\" alt=\"A La Radio 1 \" width=\"1177\" height=\"727\" \/><\/p>\n<hr \/>\n<p><em>52&#8242;, directed by Jean-Pierre Carlon.<\/em><br \/>\n<em>Co-produced by France T\u00e9l\u00e9visions.<\/em><br \/>\n<em>With the support of the CNC.<\/em><\/p>\n<hr \/>\n<p>The common fisheries policy is now facing major challenges.<br \/>\n&#8220;Vent de col\u00e8re sur la grande bleue&#8221; returns to this theme but by focusing on the problems specific to the Mediterranean, a sea that is almost closed in on itself but in great danger of depleting its resources, whether due to intensive fishing or pollution.<br \/>\nBut let&#8217;s not forget that behind the numbers, there are always people. Men who no longer hide their anger at the regulations, the ever-increasing price of fuel and the administrative hassles they have to face every day.<br \/>\nIf there is a broad consensus in favor of a sustainable exploitation of resources, in some cases, these regulations remain difficult to accept and to be applied by all fishermen.<br \/>\nIt is through some emblematic figures of this struggle, whether they are from Corsica or from the mainland, that I propose to show the true face of fishing and the challenges it faces.<\/p>\n","protected":false},"excerpt":{"rendered":"<p>52&#8242;, directed by Jean-Pierre Carlon. Co-produced by France T\u00e9l\u00e9visions. With the support of the CNC. The common fisheries policy is now facing major challenges. &#8220;Vent de col\u00e8re sur la grande [&hellip;]<\/p>\n","protected":false},"author":1,"featured_media":0,"parent":84,"menu_order":35,"comment_status":"closed","ping_status":"closed","template":"","meta":[],"_links":{"self":[{"href":"http:\/\/productionsdulagon.com\/en\/wp-json\/wp\/v2\/pages\/132"}],"collection":[{"href":"http:\/\/productionsdulagon.com\/en\/wp-json\/wp\/v2\/pages"}],"about":[{"href":"http:\/\/productionsdulagon.com\/en\/wp-json\/wp\/v2\/types\/page"}],"author":[{"embeddable":true,"href":"http:\/\/productionsdulagon.com\/en\/wp-json\/wp\/v2\/users\/1"}],"replies":[{"embeddable":true,"href":"http:\/\/productionsdulagon.com\/en\/wp-json\/wp\/v2\/comments?post=132"}],"version-history":[{"count":5,"href":"http:\/\/productionsdulagon.com\/en\/wp-json\/wp\/v2\/pages\/132\/revisions"}],"predecessor-version":[{"id":706,"href":"http:\/\/productionsdulagon.com\/en\/wp-json\/wp\/v2\/pages\/132\/revisions\/706"}],"up":[{"embeddable":true,"href":"http:\/\/productionsdulagon.com\/en\/wp-json\/wp\/v2\/pages\/84"}],"wp:attachment":[{"href":"http:\/\/productionsdulagon.com\/en\/wp-json\/wp\/v2\/media?parent=132"}],"curies":[{"name":"wp","href":"https:\/\/api.w.org\/{rel}","templated":true}]}}