{"id":144,"date":"2016-09-26T07:53:38","date_gmt":"2016-09-26T07:53:38","guid":{"rendered":"http:\/\/productionsdulagon.com\/en\/?page_id=144"},"modified":"2021-12-14T20:55:03","modified_gmt":"2021-12-14T20:55:03","slug":"ratnapura-or-the-stone-mirage","status":"publish","type":"page","link":"http:\/\/productionsdulagon.com\/en\/catalog\/ratnapura-or-the-stone-mirage\/","title":{"rendered":"RATNAPURA OR THE STONE MIRAGE"},"content":{"rendered":"<p style=\"text-align: justify;\" align=\"JUSTIFY\"><span style=\"font-size: small;\"><i><a href=\"http:\/\/productionsdulagon.com\/catalogue\/ratnapura-ou-le-mirage-des-pierres\/\"><img loading=\"lazy\" id=\"gmedia-image-71\" class=\"gmedia-singlepic alignnone\" title=\" RATNAPURA OU LE MIRAGE DES PIERRES\u2026 \" src=\"http:\/\/productionsdulagon.com\/wp-content\/grand-media\/image\/RATNAPURA_1.jpg\" alt=\" RATNAPURA OU LE MIRAGE DES PIERRES\u2026 \" width=\"1793\" height=\"1176\" \/><\/a><\/i><\/span><\/p>\n<p><em>52 and 26&#8242;, directed by Jean-Pierre Carlon.<\/em><br \/><em>With the support of the European Commission, Awareness in the field of development.<\/em><br \/><em>Broadcasting: RTBF, TV 10 Angers, Plan\u00e8te, Odyss\u00e9e, Forum Plan\u00e8te, Telwizja Polska SA, Odisea, ABDA&#8230;<\/em><\/p>\n<p>Land of sapphires and rubies, Sri Lanka is one of the top five gem producing countries in the world.<br \/>Ratnapura is a real Sri Lankan far-west, a city of pioneers that reminds us of the gold rush&#8230;<br \/>But further on, it is the mud, the mole men who dig the riverbeds and dig in the mountain&#8230;<br \/>In the depths of the earth, the convicts of the mine have only one hope: to find the precious stone which will save them from this wet hell and their immense poverty.<br \/>A unique testimony that shows the tragic and unknown aspects of the working condition in the southern countries.<\/p>\n\n\n<p><\/p>\n","protected":false},"excerpt":{"rendered":"<p>52 and 26&#8242;, directed by Jean-Pierre Carlon.With the support of the European Commission, Awareness in the field of development.Broadcasting: RTBF, TV 10 Angers, Plan\u00e8te, Odyss\u00e9e, Forum Plan\u00e8te, Telwizja Polska SA, [&hellip;]<\/p>\n","protected":false},"author":1,"featured_media":0,"parent":84,"menu_order":47,"comment_status":"closed","ping_status":"closed","template":"","meta":[],"_links":{"self":[{"href":"http:\/\/productionsdulagon.com\/en\/wp-json\/wp\/v2\/pages\/144"}],"collection":[{"href":"http:\/\/productionsdulagon.com\/en\/wp-json\/wp\/v2\/pages"}],"about":[{"href":"http:\/\/productionsdulagon.com\/en\/wp-json\/wp\/v2\/types\/page"}],"author":[{"embeddable":true,"href":"http:\/\/productionsdulagon.com\/en\/wp-json\/wp\/v2\/users\/1"}],"replies":[{"embeddable":true,"href":"http:\/\/productionsdulagon.com\/en\/wp-json\/wp\/v2\/comments?post=144"}],"version-history":[{"count":5,"href":"http:\/\/productionsdulagon.com\/en\/wp-json\/wp\/v2\/pages\/144\/revisions"}],"predecessor-version":[{"id":424,"href":"http:\/\/productionsdulagon.com\/en\/wp-json\/wp\/v2\/pages\/144\/revisions\/424"}],"up":[{"embeddable":true,"href":"http:\/\/productionsdulagon.com\/en\/wp-json\/wp\/v2\/pages\/84"}],"wp:attachment":[{"href":"http:\/\/productionsdulagon.com\/en\/wp-json\/wp\/v2\/media?parent=144"}],"curies":[{"name":"wp","href":"https:\/\/api.w.org\/{rel}","templated":true}]}}