{"id":399,"date":"2021-12-15T09:21:57","date_gmt":"2021-12-15T09:21:57","guid":{"rendered":"http:\/\/productionsdulagon.com\/en\/?page_id=399"},"modified":"2025-10-18T08:30:24","modified_gmt":"2025-10-18T08:30:24","slug":"the-soul-of-tour-sainte","status":"publish","type":"page","link":"http:\/\/productionsdulagon.com\/en\/catalog\/the-soul-of-tour-sainte\/","title":{"rendered":"THE SOUL OF TOUR-SAINTE"},"content":{"rendered":"\n<figure class=\"wp-block-image\"><img src=\"http:\/\/productionsdulagon.com\/wp-content\/uploads\/2019\/04\/L\u00e2me_de_Tour-Sainte1\u00a9Productions_du_Lagon-min-min.jpg\" alt=\"\" class=\"wp-image-1170\"\/><\/figure>\n\n\n\n<hr class=\"wp-block-separator has-text-color has-background has-white-background-color has-white-color is-style-wide\"\/>\n\n\n\n<p><em>52&#8242;, proposed by Mich\u00e8le Bourgeot.<\/em><br><em>Co-produced by France T\u00e9l\u00e9visions.<\/em><br><em>With the support of PROCIREP and ANGOA.<\/em><\/p>\n\n\n\n<hr class=\"wp-block-separator has-text-color has-background has-white-background-color has-white-color is-style-wide\"\/>\n\n\n\n<p>Today, in Marseilles, 42% of children are educated in private Catholic schools. It is the second diocese in France with the most private Catholic schools after Brittany.<br>The Tour-Sainte complex is perched on the hills of Sainte-Marthe in the northern part of Marseille, from where there is a splendid view of the entire city. Tour-Sainte has chosen to welcome children of all faiths.<br>In the aftermath of the terrorist attacks, when the political parties are so empty on the subject of religion, especially our inability to understand the need for the sacred, how does the Catholic school today attempt to fulfill its mission of educating the whole person, whether it be the social person, the intellectual person, the person of the heart, all in respect of the confessions of each?<\/p>\n","protected":false},"excerpt":{"rendered":"<p>52&#8242;, proposed by Mich\u00e8le Bourgeot.Co-produced by France T\u00e9l\u00e9visions.With the support of PROCIREP and ANGOA. Today, in Marseilles, 42% of children are educated in private Catholic schools. It is the second [&hellip;]<\/p>\n","protected":false},"author":1,"featured_media":0,"parent":84,"menu_order":11,"comment_status":"closed","ping_status":"closed","template":"","meta":[],"_links":{"self":[{"href":"http:\/\/productionsdulagon.com\/en\/wp-json\/wp\/v2\/pages\/399"}],"collection":[{"href":"http:\/\/productionsdulagon.com\/en\/wp-json\/wp\/v2\/pages"}],"about":[{"href":"http:\/\/productionsdulagon.com\/en\/wp-json\/wp\/v2\/types\/page"}],"author":[{"embeddable":true,"href":"http:\/\/productionsdulagon.com\/en\/wp-json\/wp\/v2\/users\/1"}],"replies":[{"embeddable":true,"href":"http:\/\/productionsdulagon.com\/en\/wp-json\/wp\/v2\/comments?post=399"}],"version-history":[{"count":5,"href":"http:\/\/productionsdulagon.com\/en\/wp-json\/wp\/v2\/pages\/399\/revisions"}],"predecessor-version":[{"id":715,"href":"http:\/\/productionsdulagon.com\/en\/wp-json\/wp\/v2\/pages\/399\/revisions\/715"}],"up":[{"embeddable":true,"href":"http:\/\/productionsdulagon.com\/en\/wp-json\/wp\/v2\/pages\/84"}],"wp:attachment":[{"href":"http:\/\/productionsdulagon.com\/en\/wp-json\/wp\/v2\/media?parent=399"}],"curies":[{"name":"wp","href":"https:\/\/api.w.org\/{rel}","templated":true}]}}