{"id":113,"date":"2016-09-23T13:27:23","date_gmt":"2016-09-23T13:27:23","guid":{"rendered":"http:\/\/productionsdulagon.com\/en\/?page_id=113"},"modified":"2025-10-18T07:54:41","modified_gmt":"2025-10-18T07:54:41","slug":"children-born-from-the-war-in-germany","status":"publish","type":"page","link":"https:\/\/productionsdulagon.com\/en\/catalog\/children-born-from-the-war-in-germany\/","title":{"rendered":"CHILDREN BORN FROM THE WAR IN GERMANY"},"content":{"rendered":"<p style=\"text-align: justify;\" align=\"JUSTIFY\"><span style=\"font-size: small;\"><i><a href=\"http:\/\/productionsdulagon.com\/catalogue\/les-enfants-de-la-honte\/\"><img loading=\"lazy\" id=\"gmedia-image-95\" class=\"gmedia-singlepic alignnone\" title=\"LES ENFANTS DE LA HONTE \" src=\"http:\/\/productionsdulagon.com\/wp-content\/grand-media\/image\/Bernard-Storch-enfant-avec-ses-parents2.jpg\" alt=\"LES ENFANTS DE LA HONTE \" width=\"1000\" height=\"701\" \/><\/a><\/i><\/span><\/p>\n<hr \/>\n<p><em>52&#8242;, directed by Jean-Pierre Carlon.<\/em><br \/>\n<em>Co-produced by France T\u00e9l\u00e9visions, with the participation of Plan\u00e8te.<\/em><br \/>\n<em>With the support of the CNC, the PROCIREP, the ANGOA, the Ministry of Defense, General Secretariat for Administration, Directorate of Memory, Heritage and Archives, the PACA region and the General Council of Bouches-du-Rh\u00f4ne.<\/em><br \/>\n<em>Selected for FIPATEL 2010.<\/em><br \/>\n<em>Other broadcasts: RTS, Histoire, Netflix.<\/em><\/p>\n<hr \/>\n<p>In a Germany emptied of its twenty million young men mobilized in the Wehrmacht and sent to all the fronts, where there were hardly any more in the homes than old people and children, the prisoners of war and those required for the Obligatory Work Service (STO) found themselves.<br \/>\nThe stories that run through this film show us that during this murderous conflict, men and women were able to come together at the most intimate level and love each other, defying the prohibitions, the dangers, the suffering and sometimes leaving behind irreparable after-effects.<br \/>\nMost of the children of the war are still hiding; they have known the shame of being born to the enemy, of not having had a father&#8230;<br \/>\nThey ride a time machine, going back in time to find the trace of this imagined father, without whom they will never be able to really build roots. This quest for the father remains at the center of their lives.<br \/>\nIn France as in Germany, these wartime loves have left behind thousands of children who, more than sixty years later, are still looking for a father.<\/p>\n<hr \/>\n<p>DVD edition by Les Productions du Lagon and ClapOsud.<br \/>\nThe DVD includes an English subtitled version and 15 minutes of bonus material.<\/p>\n","protected":false},"excerpt":{"rendered":"<p>52&#8242;, directed by Jean-Pierre Carlon. Co-produced by France T\u00e9l\u00e9visions, with the participation of Plan\u00e8te. With the support of the CNC, the PROCIREP, the ANGOA, the Ministry of Defense, General Secretariat [&hellip;]<\/p>\n","protected":false},"author":1,"featured_media":0,"parent":84,"menu_order":20,"comment_status":"closed","ping_status":"closed","template":"","meta":[],"_links":{"self":[{"href":"https:\/\/productionsdulagon.com\/en\/wp-json\/wp\/v2\/pages\/113"}],"collection":[{"href":"https:\/\/productionsdulagon.com\/en\/wp-json\/wp\/v2\/pages"}],"about":[{"href":"https:\/\/productionsdulagon.com\/en\/wp-json\/wp\/v2\/types\/page"}],"author":[{"embeddable":true,"href":"https:\/\/productionsdulagon.com\/en\/wp-json\/wp\/v2\/users\/1"}],"replies":[{"embeddable":true,"href":"https:\/\/productionsdulagon.com\/en\/wp-json\/wp\/v2\/comments?post=113"}],"version-history":[{"count":5,"href":"https:\/\/productionsdulagon.com\/en\/wp-json\/wp\/v2\/pages\/113\/revisions"}],"predecessor-version":[{"id":683,"href":"https:\/\/productionsdulagon.com\/en\/wp-json\/wp\/v2\/pages\/113\/revisions\/683"}],"up":[{"embeddable":true,"href":"https:\/\/productionsdulagon.com\/en\/wp-json\/wp\/v2\/pages\/84"}],"wp:attachment":[{"href":"https:\/\/productionsdulagon.com\/en\/wp-json\/wp\/v2\/media?parent=113"}],"curies":[{"name":"wp","href":"https:\/\/api.w.org\/{rel}","templated":true}]}}