{"id":115,"date":"2016-09-25T17:26:02","date_gmt":"2016-09-25T17:26:02","guid":{"rendered":"http:\/\/productionsdulagon.com\/en\/?page_id=115"},"modified":"2025-10-18T08:05:22","modified_gmt":"2025-10-18T08:05:22","slug":"north-sud-com","status":"publish","type":"page","link":"https:\/\/productionsdulagon.com\/en\/catalog\/north-sud-com\/","title":{"rendered":"NORTH-SOUTH.COM"},"content":{"rendered":"<p style=\"text-align: justify;\"><span style=\"font-size: small;\"><i><a href=\"http:\/\/productionsdulagon.com\/catalogue\/nord-sud-com\/\"><img loading=\"lazy\" id=\"gmedia-image-84\" class=\"gmedia-singlepic alignnone\" title=\"NORD-SUD.COM\" src=\"http:\/\/productionsdulagon.com\/wp-content\/grand-media\/image\/Nord-sud_Cyber_1_.jpg\" alt=\"NORD-SUD.COM\" width=\"1024\" height=\"576\" \/><\/a><\/i><\/span><\/p>\n<hr \/>\n<p><em>52&#8242;, directed by Fran\u00e7ois Ducat.<\/em><br \/>\n<em>Co-produced by France T\u00e9l\u00e9visions, RTBF, Iota Production and WIP, with the participation of France \u00d4.<\/em><br \/>\n<em>With the support of the CNC, the ACSE, the French Community of Belgium, the DGDC, the PACA region. <\/em><\/p>\n<hr \/>\n<p><em>Selected for the Pro Pitch 2005 of CRRAV.<\/em><\/p>\n<p><em>FIGRA 2008, Festival Panafrica int. of Montreal, Vues d&#8217;Afrique 2008, Belgian premiere at Bozar, Festival Africa in the picture of Amsterdam 2008, Festival Int. du Film Francophone of Namur 2008, Festival des Escales Documentaires of La Rochelle 2008, in Official Competition at the Festival Europ\u00e9en des 4 Ecrans 2008 of Paris, in Competition &#8220;Belgian Films&#8221; at the Festival \u00e0 tout prix of Brussels 2008, Best Documentary at the Festival Int. Festival of the Independent Film of Brussels 2008, Jean Rouch Ethnographic Film Festival 2009, Objectif Doc 2009 of the Wallonie-Bruxelles Center in Paris, Festival des cultures d&#8217;Afrique de Cozes 2009, Festival de Cin\u00e9ma Africain de Tarifa 2009, Festival de TV de Monte Carlo 2009, Festival Int. du film de Monterrey au Mexique 2009, Festival Int. Millenium de Bruxelles 2009, Astra Film Festival 2009 (Romania), Rio International Ethnographic Film Festival (Brazil), 20100 TRT Int. Documentary Film Competition in Istanbul.<\/em><br \/>\n<em>Other broadcasts: TV5 Monde, VRT and Cameroon Radio Television (CRTV).\u00a0Acquisition by First Run-Icarus Films (USA and Canada).<\/em><br \/>\n<em>Distribution by WIP.<\/em><\/p>\n<hr \/>\n<p>For some, paradise is just a few strokes away, for others, just a few clicks.<br \/>\nIn Yaound\u00e9, many women hope to find a white husband via the Internet to escape poverty.<br \/>\nFran\u00e7ois Ducat met some of these candidates for marriage, followed their path to the &#8220;Eldorado&#8221; and collected their dreams, their fantasies, their hopes and their disillusions.<br \/>\nThrough personal stories, sometimes happy, often painful, and the prism of the relationship between white men and black women, an original form of economic partnership between the North and the South takes shape.<\/p>\n<hr \/>\n<p>DVD edition by Les Productions du Lagon, Iota Production and ClapOsud.<\/p>\n","protected":false},"excerpt":{"rendered":"<p>52&#8242;, directed by Fran\u00e7ois Ducat. Co-produced by France T\u00e9l\u00e9visions, RTBF, Iota Production and WIP, with the participation of France \u00d4. With the support of the CNC, the ACSE, the French [&hellip;]<\/p>\n","protected":false},"author":1,"featured_media":0,"parent":84,"menu_order":22,"comment_status":"closed","ping_status":"closed","template":"","meta":[],"_links":{"self":[{"href":"https:\/\/productionsdulagon.com\/en\/wp-json\/wp\/v2\/pages\/115"}],"collection":[{"href":"https:\/\/productionsdulagon.com\/en\/wp-json\/wp\/v2\/pages"}],"about":[{"href":"https:\/\/productionsdulagon.com\/en\/wp-json\/wp\/v2\/types\/page"}],"author":[{"embeddable":true,"href":"https:\/\/productionsdulagon.com\/en\/wp-json\/wp\/v2\/users\/1"}],"replies":[{"embeddable":true,"href":"https:\/\/productionsdulagon.com\/en\/wp-json\/wp\/v2\/comments?post=115"}],"version-history":[{"count":8,"href":"https:\/\/productionsdulagon.com\/en\/wp-json\/wp\/v2\/pages\/115\/revisions"}],"predecessor-version":[{"id":690,"href":"https:\/\/productionsdulagon.com\/en\/wp-json\/wp\/v2\/pages\/115\/revisions\/690"}],"up":[{"embeddable":true,"href":"https:\/\/productionsdulagon.com\/en\/wp-json\/wp\/v2\/pages\/84"}],"wp:attachment":[{"href":"https:\/\/productionsdulagon.com\/en\/wp-json\/wp\/v2\/media?parent=115"}],"curies":[{"name":"wp","href":"https:\/\/api.w.org\/{rel}","templated":true}]}}