{"id":125,"date":"2016-09-26T07:11:59","date_gmt":"2016-09-26T07:11:59","guid":{"rendered":"http:\/\/productionsdulagon.com\/en\/?page_id=125"},"modified":"2025-10-18T08:25:32","modified_gmt":"2025-10-18T08:25:32","slug":"a-market-in-provence","status":"publish","type":"page","link":"https:\/\/productionsdulagon.com\/en\/catalog\/a-market-in-provence\/","title":{"rendered":"A MARKET IN PROVENCE"},"content":{"rendered":"<p style=\"text-align: justify;\" align=\"JUSTIFY\"><img loading=\"lazy\" id=\"gmedia-image-9\" class=\"gmedia-singlepic alignnone\" title=\"Capture D Cran 2014-01-07 18.30.12\" src=\"http:\/\/productionsdulagon.com\/en\/wp-content\/grand-media\/image\/Capture_d_cran_2014-01-07_18.30.12_1.png\" alt=\"Capture D Cran 2014-01-07 18.30.12\" width=\"1920\" height=\"1080\" \/><\/p>\n<hr \/>\n<p><em>52&#8242;, directed by Gautier Isambert.<\/em><br \/>\n<em>Co-produced by France T\u00e9l\u00e9visions and Images de Provence.<\/em><br \/>\n<em>With the support of the city of Saint-R\u00e9my-de-Provence.<\/em><\/p>\n<hr \/>\n<p>Long before the tourists storm one of the most charming markets in Provence, fairground vendors, craftsmen, shopkeepers, everyone is busy offering the shoppers a colorful show.<br \/>\nThe main organizer is Alain Vidal, who has been an usher for 12 years and, as such, holds considerable power. Charming and loud-mouthed, he doesn&#8217;t let himself be impressed by anyone and authoritatively distributes the few available seats to the overflowing fairground people who have been given the evocative title of &#8220;passengers&#8221;.<br \/>\nThrough his journey and the situations he reveals, the film aims to reveal the other side of the stage and to show that behind the &#8220;postcard&#8221; another theater is playing out: that of power relationships, precariousness and power. The character of the salesman is the perfect incarnation, mixing in a very effective way the two dimensions of this representation: on the one hand what is visible and feeds the fantasy (the faconde, the humor, the gestures, the accent&#8230;), relayed by the spectacle given by the market itself (the light, the colors, the smells&#8230;); on the other hand, what a simple passer-by does not suspect: the device of power implemented by the salesman so that the market functions like a well-oiled cog.<br \/>\nDiving into the heart of the Saint-R\u00e9my-de-Provence market, this film goes behind the scenes of an event that attracts thousands of tourists from all over the world every Wednesday&#8230;<\/p>\n","protected":false},"excerpt":{"rendered":"<p>52&#8242;, directed by Gautier Isambert. Co-produced by France T\u00e9l\u00e9visions and Images de Provence. With the support of the city of Saint-R\u00e9my-de-Provence. Long before the tourists storm one of the most [&hellip;]<\/p>\n","protected":false},"author":1,"featured_media":0,"parent":84,"menu_order":27,"comment_status":"closed","ping_status":"closed","template":"","meta":[],"_links":{"self":[{"href":"https:\/\/productionsdulagon.com\/en\/wp-json\/wp\/v2\/pages\/125"}],"collection":[{"href":"https:\/\/productionsdulagon.com\/en\/wp-json\/wp\/v2\/pages"}],"about":[{"href":"https:\/\/productionsdulagon.com\/en\/wp-json\/wp\/v2\/types\/page"}],"author":[{"embeddable":true,"href":"https:\/\/productionsdulagon.com\/en\/wp-json\/wp\/v2\/users\/1"}],"replies":[{"embeddable":true,"href":"https:\/\/productionsdulagon.com\/en\/wp-json\/wp\/v2\/comments?post=125"}],"version-history":[{"count":5,"href":"https:\/\/productionsdulagon.com\/en\/wp-json\/wp\/v2\/pages\/125\/revisions"}],"predecessor-version":[{"id":709,"href":"https:\/\/productionsdulagon.com\/en\/wp-json\/wp\/v2\/pages\/125\/revisions\/709"}],"up":[{"embeddable":true,"href":"https:\/\/productionsdulagon.com\/en\/wp-json\/wp\/v2\/pages\/84"}],"wp:attachment":[{"href":"https:\/\/productionsdulagon.com\/en\/wp-json\/wp\/v2\/media?parent=125"}],"curies":[{"name":"wp","href":"https:\/\/api.w.org\/{rel}","templated":true}]}}