{"id":128,"date":"2016-09-26T07:18:32","date_gmt":"2016-09-26T07:18:32","guid":{"rendered":"http:\/\/productionsdulagon.com\/en\/?page_id=128"},"modified":"2025-10-18T08:28:19","modified_gmt":"2025-10-18T08:28:19","slug":"explorers-of-the-brain","status":"publish","type":"page","link":"https:\/\/productionsdulagon.com\/en\/catalog\/explorers-of-the-brain\/","title":{"rendered":"EXPLORERS OF THE BRAIN"},"content":{"rendered":"<p style=\"text-align: justify;\" align=\"JUSTIFY\"><span style=\"font-family: Times New Roman,serif;\"><span style=\"font-size: small;\"><i><a href=\"http:\/\/productionsdulagon.com\/catalogue\/les-explorateurs-du-cerveau\/\"><img loading=\"lazy\" id=\"gmedia-image-66\" class=\"gmedia-singlepic alignnone\" title=\"LES EXPLORATEURS DU CERVEAU\" src=\"http:\/\/productionsdulagon.com\/wp-content\/grand-media\/image\/Marseille1-Pr_Patrick_Chauvel_1.jpg\" alt=\"LES EXPLORATEURS DU CERVEAU\" width=\"768\" height=\"576\" \/><\/a><\/i><\/span><\/span><\/p>\n<hr \/>\n<p><em>52&#8242;, directed by Muriel Coulin.<\/em><br \/>\n<em>Episode of the documentary series &#8221; Les H\u00f4pitaux d&#8217;excellence &#8220;.<\/em><br \/>\n<em>Co-produced by France T\u00e9l\u00e9visions and MVS Productions.<\/em><br \/>\n<em>With the support of the CNC, the Ministry of Health, Delegation for Information and Communication, the Ministry of Higher Education and Research, the PROCIREP and the ANGOA.<\/em><\/p>\n<hr \/>\n<p><em>Selected for the 2007 Health Television Festival in Marseille. Selection at the Festival &#8221; \u00c0 nous de voir &#8211; Science et cin\u00e9ma &#8221; of Oullins 2008. Selection at the &#8220;Rencontres Internationales Sciences et Cin\u00e9mas&#8221; of Marseille 2008. Selected for the Semaine du cerveau in Grenoble 2009.<\/em><\/p>\n<hr \/>\n<p>Through moving individual stories, epileptic patients tell us about their daily life. Their unpredictable and impressive seizures isolate them and prevent them from leading a normal social and professional life.<br \/>\nFaced with the difficulty of living with this disease, which affects one in a hundred French people, and the feeling of being different, the urgency of brain research has become apparent. At the Timone Hospital in Marseille, a team of neurosurgeons and researchers who are particularly committed to this disease welcome these people in a multidisciplinary care program, supported by state-of-the-art technology.<br \/>\nThe disease now reveals its secrets, sharing with us the hopes of these men and women whose fight for a cure requires daily courage.<\/p>\n","protected":false},"excerpt":{"rendered":"<p>52&#8242;, directed by Muriel Coulin. Episode of the documentary series &#8221; Les H\u00f4pitaux d&#8217;excellence &#8220;. Co-produced by France T\u00e9l\u00e9visions and MVS Productions. With the support of the CNC, the Ministry [&hellip;]<\/p>\n","protected":false},"author":1,"featured_media":0,"parent":84,"menu_order":31,"comment_status":"closed","ping_status":"closed","template":"","meta":[],"_links":{"self":[{"href":"https:\/\/productionsdulagon.com\/en\/wp-json\/wp\/v2\/pages\/128"}],"collection":[{"href":"https:\/\/productionsdulagon.com\/en\/wp-json\/wp\/v2\/pages"}],"about":[{"href":"https:\/\/productionsdulagon.com\/en\/wp-json\/wp\/v2\/types\/page"}],"author":[{"embeddable":true,"href":"https:\/\/productionsdulagon.com\/en\/wp-json\/wp\/v2\/users\/1"}],"replies":[{"embeddable":true,"href":"https:\/\/productionsdulagon.com\/en\/wp-json\/wp\/v2\/comments?post=128"}],"version-history":[{"count":5,"href":"https:\/\/productionsdulagon.com\/en\/wp-json\/wp\/v2\/pages\/128\/revisions"}],"predecessor-version":[{"id":713,"href":"https:\/\/productionsdulagon.com\/en\/wp-json\/wp\/v2\/pages\/128\/revisions\/713"}],"up":[{"embeddable":true,"href":"https:\/\/productionsdulagon.com\/en\/wp-json\/wp\/v2\/pages\/84"}],"wp:attachment":[{"href":"https:\/\/productionsdulagon.com\/en\/wp-json\/wp\/v2\/media?parent=128"}],"curies":[{"name":"wp","href":"https:\/\/api.w.org\/{rel}","templated":true}]}}