{"id":133,"date":"2016-09-26T07:35:49","date_gmt":"2016-09-26T07:35:49","guid":{"rendered":"http:\/\/productionsdulagon.com\/en\/?page_id=133"},"modified":"2025-10-18T08:18:53","modified_gmt":"2025-10-18T08:18:53","slug":"operation-sultan","status":"publish","type":"page","link":"https:\/\/productionsdulagon.com\/en\/catalog\/operation-sultan\/","title":{"rendered":"OPERATION SULTAN"},"content":{"rendered":"<p style=\"text-align: justify;\" align=\"JUSTIFY\"><span style=\"font-size: small;\"><span style=\"font-size: small;\"><i><a href=\"http:\/\/productionsdulagon.com\/catalogue\/operation-sultan\/\"><img loading=\"lazy\" id=\"gmedia-image-38\" class=\"gmedia-singlepic alignnone\" title=\"MARSEILLE, JANVIER 1943 \u2013 OP\u00c9RATION SULTAN\" src=\"http:\/\/productionsdulagon.com\/wp-content\/grand-media\/image\/DAT_574_L13.jpg\" alt=\"MARSEILLE, JANVIER 1943 \u2013 OP\u00c9RATION SULTAN\" width=\"2200\" height=\"1467\" \/><\/a><\/i><\/span><\/span><\/p>\n<hr \/>\n<p><em>52&#8242;, directed by Jean-Pierre Carlon.<\/em><br \/>\n<em>Co-produced by France T\u00e9l\u00e9visions.<\/em><br \/>\n<em>With the support of the CNC, the PROCIREP, the ANGOA, the PACA region, the Fondation pour la M\u00e9moire de la Shoah, the Conseil G\u00e9n\u00e9ral des Bouches-du-Rh\u00f4ne.<\/em><br \/>\n<em>Selection: FID 2005.<\/em><\/p>\n<hr \/>\n<p>The roundups, evacuation and destruction of the Old Port neighborhoods in January 1943 affected thousands of Marseilles residents.<br \/>\nAlmost everyone has heard of the raids on the V\u00e9lodrome d&#8217;Hiver in Paris in July 1942&#8230; But who still remembers the Marseilles raids in January 1943, which were just as important&#8230;?<br \/>\nWho is really responsible for the destruction of the Old Quarter?<br \/>\nWas it a pure clean-up operation by the Marseilles underworld or the execution of an urban plan decided by the French before the war?<br \/>\nIn this document, we want to highlight the nature of state collaboration, its role, its influence on the course of history and its responsibility in the events described here. We would also like to try to understand who benefited from all this&#8230;<\/p>\n<hr \/>\n<p><em>DVD edition by Les Productions du Lagon and ClapOsud.<\/em><br \/>\n<em>The DVD also includes an English subtitled version and more than 36 minutes of bonus material.<\/em><\/p>\n","protected":false},"excerpt":{"rendered":"<p>52&#8242;, directed by Jean-Pierre Carlon. Co-produced by France T\u00e9l\u00e9visions. With the support of the CNC, the PROCIREP, the ANGOA, the PACA region, the Fondation pour la M\u00e9moire de la Shoah, [&hellip;]<\/p>\n","protected":false},"author":1,"featured_media":0,"parent":84,"menu_order":36,"comment_status":"closed","ping_status":"closed","template":"","meta":[],"_links":{"self":[{"href":"https:\/\/productionsdulagon.com\/en\/wp-json\/wp\/v2\/pages\/133"}],"collection":[{"href":"https:\/\/productionsdulagon.com\/en\/wp-json\/wp\/v2\/pages"}],"about":[{"href":"https:\/\/productionsdulagon.com\/en\/wp-json\/wp\/v2\/types\/page"}],"author":[{"embeddable":true,"href":"https:\/\/productionsdulagon.com\/en\/wp-json\/wp\/v2\/users\/1"}],"replies":[{"embeddable":true,"href":"https:\/\/productionsdulagon.com\/en\/wp-json\/wp\/v2\/comments?post=133"}],"version-history":[{"count":6,"href":"https:\/\/productionsdulagon.com\/en\/wp-json\/wp\/v2\/pages\/133\/revisions"}],"predecessor-version":[{"id":704,"href":"https:\/\/productionsdulagon.com\/en\/wp-json\/wp\/v2\/pages\/133\/revisions\/704"}],"up":[{"embeddable":true,"href":"https:\/\/productionsdulagon.com\/en\/wp-json\/wp\/v2\/pages\/84"}],"wp:attachment":[{"href":"https:\/\/productionsdulagon.com\/en\/wp-json\/wp\/v2\/media?parent=133"}],"curies":[{"name":"wp","href":"https:\/\/api.w.org\/{rel}","templated":true}]}}