{"id":135,"date":"2016-09-26T07:39:13","date_gmt":"2016-09-26T07:39:13","guid":{"rendered":"http:\/\/productionsdulagon.com\/en\/?page_id=135"},"modified":"2021-12-15T08:28:41","modified_gmt":"2021-12-15T08:28:41","slug":"marseille-dream-of-the-south","status":"publish","type":"page","link":"https:\/\/productionsdulagon.com\/en\/catalog\/marseille-dream-of-the-south\/","title":{"rendered":"MARSEILLE, DREAM OF THE SOUTH&#8230;"},"content":{"rendered":"<p style=\"text-align: justify;\" align=\"JUSTIFY\"><span style=\"font-family: Times New Roman,serif;\"><span style=\"font-size: small;\"><img loading=\"lazy\" id=\"gmedia-image-10\" class=\"gmedia-singlepic alignnone\" title=\"Capture D Cran 2016-06-02 08.43.57\" src=\"http:\/\/productionsdulagon.com\/en\/wp-content\/grand-media\/image\/Capture_d_cran_2016-06-02_08.43.57_1.png\" alt=\"Capture D Cran 2016-06-02 08.43.57\" width=\"1053\" height=\"792\" \/><\/span><\/span><\/p>\n<p><em>26&#8242;, directed by Jean-Pierre Carlon.<\/em><br \/>\n<em>Co-produced by France T\u00e9l\u00e9visions.<\/em><br \/>\n<em>1st series of the Mediterranean Chronicles, initiated by the CMCA, Mediterranean Center of Audiovisual Communication.<\/em><br \/>\n<em>With the support of the CNC, the Conseil G\u00e9n\u00e9ral des Bouches-du-Rh\u00f4ne, the CMCA, the PACA region &#8211; Mediterranean Basin Charter, and the PROCIREP.<\/em><br \/>\n<em>Special mention to the Circom R\u00e9gional.<\/em><br \/>\n<em>Broadcasting: Canal Marseille, TV3, ENTV, ERTU, JRTV, Odyss\u00e9e, BEUR TV&#8230;<\/em><\/p>\n<p>Marseille will soon have twenty-six centuries of existence, marked by the countless successive layers of migrants who have followed one another.<br \/>\nMost of the time forced uprooting, which is accompanied by a difficult rooting&#8230;<br \/>\nMarseilles, the gateway to the south, is an almost obligatory place of passage for all those who try their luck in our country&#8230; At the beginning of the century, Corsicans, Italians, Turks, Armenians, Greeks&#8230; All of them found themselves in a place reminiscent of the village they had left, to find the family, the clan, all that human warmth that helps the exile to rebuild himself&#8230;<br \/>\nIf the Marseillais is the result of superimpositions of ancient and recent migrations, he lives in a relatively closed world where any problem risks finding its solution only between rejection or acceptance, exclusion or integration, rehabilitation of the city center or status quo, opening to the North, the South or the East&#8230;<br \/>\nConstantly torn between two poles, Marseilles in fact presents all the symptoms of a deep identity crisis.\u00a0The Marseillais have doubts because at the same time as their city is modernizing, it is plunging into unemployment and precariousness.<br \/>\nMaurad and Viviane, a young couple of Italian and North African origin, live in Belsunce.<br \/>\nWe share their daily life and we stay by their side to listen to them talk about their life, their memories and imagine a future for them and for Marseille.<\/p>\n","protected":false},"excerpt":{"rendered":"<p>26&#8242;, directed by Jean-Pierre Carlon. Co-produced by France T\u00e9l\u00e9visions. 1st series of the Mediterranean Chronicles, initiated by the CMCA, Mediterranean Center of Audiovisual Communication. With the support of the CNC, [&hellip;]<\/p>\n","protected":false},"author":1,"featured_media":0,"parent":84,"menu_order":38,"comment_status":"closed","ping_status":"closed","template":"","meta":[],"_links":{"self":[{"href":"https:\/\/productionsdulagon.com\/en\/wp-json\/wp\/v2\/pages\/135"}],"collection":[{"href":"https:\/\/productionsdulagon.com\/en\/wp-json\/wp\/v2\/pages"}],"about":[{"href":"https:\/\/productionsdulagon.com\/en\/wp-json\/wp\/v2\/types\/page"}],"author":[{"embeddable":true,"href":"https:\/\/productionsdulagon.com\/en\/wp-json\/wp\/v2\/users\/1"}],"replies":[{"embeddable":true,"href":"https:\/\/productionsdulagon.com\/en\/wp-json\/wp\/v2\/comments?post=135"}],"version-history":[{"count":5,"href":"https:\/\/productionsdulagon.com\/en\/wp-json\/wp\/v2\/pages\/135\/revisions"}],"predecessor-version":[{"id":432,"href":"https:\/\/productionsdulagon.com\/en\/wp-json\/wp\/v2\/pages\/135\/revisions\/432"}],"up":[{"embeddable":true,"href":"https:\/\/productionsdulagon.com\/en\/wp-json\/wp\/v2\/pages\/84"}],"wp:attachment":[{"href":"https:\/\/productionsdulagon.com\/en\/wp-json\/wp\/v2\/media?parent=135"}],"curies":[{"name":"wp","href":"https:\/\/api.w.org\/{rel}","templated":true}]}}