{"id":138,"date":"2016-09-26T07:43:28","date_gmt":"2016-09-26T07:43:28","guid":{"rendered":"http:\/\/productionsdulagon.com\/en\/?page_id=138"},"modified":"2021-12-15T08:23:33","modified_gmt":"2021-12-15T08:23:33","slug":"the-menace-of-gulls","status":"publish","type":"page","link":"https:\/\/productionsdulagon.com\/en\/catalog\/the-menace-of-gulls\/","title":{"rendered":"THE MENACE OF GULLS"},"content":{"rendered":"<p style=\"text-align: justify;\" align=\"JUSTIFY\"><span style=\"font-family: Times New Roman,serif;\"><span style=\"font-size: small;\"><i><a href=\"http:\/\/productionsdulagon.com\/catalogue\/goelands-la-menace\/\"><img loading=\"lazy\" id=\"gmedia-image-77\" class=\"gmedia-singlepic alignnone\" title=\"GO\u00c9LANDS, LA MENACE\u2026\" src=\"http:\/\/productionsdulagon.com\/wp-content\/grand-media\/image\/d_charge2_1_.jpg\" alt=\"GO\u00c9LANDS, LA MENACE\u2026\" width=\"1000\" height=\"669\" \/><\/a><\/i><\/span><\/span><\/p>\n<p><em>26&#8242;, directed by Jean-Pierre Carlon.<\/em><br \/>\n<em>Co-produced by France T\u00e9l\u00e9visions.<\/em><br \/>\n<em>With the support of the Centre National du Cin\u00e9ma et de l&#8217;image anim\u00e9e, the Conseil G\u00e9n\u00e9ral des Bouches-du-Rh\u00f4ne and the European Commission.<\/em><\/p>\n<p>According to a European directive of July 13, 1992, all landfills in Europe should have closed in their current form by the year 2002 and been replaced by other means of waste treatment such as incinerators.<br \/>\nIn the meantime, every year in Marseille, 400,000 tons of garbage are dumped in Entressen, in the largest open-air landfill in Europe.<br \/>\nThrough the serious problem of urban waste, our documentary, which focuses primarily on the fate of gulls, this beautiful bird with such pure colors but formidable scavenger, tries to answer the following questions.<br \/>\nThe consumer society has built huge pyramids to the glory of waste; the table is set, gulls and seagulls are happily feeding, but what will happen when these dumps are closed?<br \/>\nAre we in danger of seeing gulls flooding into Europe&#8217;s coastal cities and are we heading for a Hitchcock-like disaster scenario?<br \/>\nAre we going to be overwhelmed by birds that have developed in a completely abnormal way on our waste or can we hope for a fall in numbers by self-regulation&#8230;?<br \/>\nDo gulls really represent a threat for the post-2002 period&#8230;?<br \/>\nThe film poses the problem of environmental management, today at the interface of the economic and the social, the political and the moral, the present and the future.<br \/>\nThis subject is of interest to all Europeans because the defense of the environment is the same as the defense of life.<\/p>\n","protected":false},"excerpt":{"rendered":"<p>26&#8242;, directed by Jean-Pierre Carlon. Co-produced by France T\u00e9l\u00e9visions. With the support of the Centre National du Cin\u00e9ma et de l&#8217;image anim\u00e9e, the Conseil G\u00e9n\u00e9ral des Bouches-du-Rh\u00f4ne and the European [&hellip;]<\/p>\n","protected":false},"author":1,"featured_media":0,"parent":84,"menu_order":41,"comment_status":"closed","ping_status":"closed","template":"","meta":[],"_links":{"self":[{"href":"https:\/\/productionsdulagon.com\/en\/wp-json\/wp\/v2\/pages\/138"}],"collection":[{"href":"https:\/\/productionsdulagon.com\/en\/wp-json\/wp\/v2\/pages"}],"about":[{"href":"https:\/\/productionsdulagon.com\/en\/wp-json\/wp\/v2\/types\/page"}],"author":[{"embeddable":true,"href":"https:\/\/productionsdulagon.com\/en\/wp-json\/wp\/v2\/users\/1"}],"replies":[{"embeddable":true,"href":"https:\/\/productionsdulagon.com\/en\/wp-json\/wp\/v2\/comments?post=138"}],"version-history":[{"count":4,"href":"https:\/\/productionsdulagon.com\/en\/wp-json\/wp\/v2\/pages\/138\/revisions"}],"predecessor-version":[{"id":428,"href":"https:\/\/productionsdulagon.com\/en\/wp-json\/wp\/v2\/pages\/138\/revisions\/428"}],"up":[{"embeddable":true,"href":"https:\/\/productionsdulagon.com\/en\/wp-json\/wp\/v2\/pages\/84"}],"wp:attachment":[{"href":"https:\/\/productionsdulagon.com\/en\/wp-json\/wp\/v2\/media?parent=138"}],"curies":[{"name":"wp","href":"https:\/\/api.w.org\/{rel}","templated":true}]}}