{"id":402,"date":"2021-12-15T09:27:37","date_gmt":"2021-12-15T09:27:37","guid":{"rendered":"http:\/\/productionsdulagon.com\/en\/?page_id=402"},"modified":"2025-10-17T15:28:46","modified_gmt":"2025-10-17T15:28:46","slug":"the-miracle-of-kamaishi","status":"publish","type":"page","link":"https:\/\/productionsdulagon.com\/en\/catalog\/the-miracle-of-kamaishi\/","title":{"rendered":"THE MIRACLE OF KAMAISHI"},"content":{"rendered":"\n<figure class=\"wp-block-image\"><img src=\"http:\/\/productionsdulagon.com\/wp-content\/uploads\/2021\/12\/Le-miracle-de-Kamaishi.jpg\" alt=\"\" class=\"wp-image-1347\"\/><\/figure>\n\n\n\n<hr class=\"wp-block-separator has-text-color has-background has-white-background-color has-white-color is-style-wide\"\/>\n\n\n\n<p><em>Documentary film, directed by Julien Campet.<\/em><br><em>Co-produced by vi\u00e0Occitanie and Via D\u00e9couvertes Films, with the support of the CNC, Centre National du cin\u00e9ma et de l&#8217;image anim\u00e9e.<\/em><\/p>\n\n\n\n<hr class=\"wp-block-separator has-text-color has-background has-white-background-color has-white-color is-style-wide\"\/>\n\n\n\n<p><br>On March 11, 2011, the northeast of Japan was ravaged by a terrible tsunami. When the earthquake occurs, the sea swells, developing a huge mass of water that moves in waves to the coast. A gigantic wave is then formed, losing speed but gaining amplitude, and comes crashing on the shore with a height that can reach more than 20 meters.<br>Kamaishi was one of the most severely affected coastal cities. The damage was terrible on the way out and even worse on the way back. When the water recedes, it carries with it thousands of debris including boats, houses, cars and bodies caught in its path.<br>Kamaishi was &#8220;the city of fishing, metal and rugby&#8221; and it is rebuilding itself thanks to rugby.&nbsp; At the heart of this rebirth is Robert Verdier, a Frenchman from Comminges. Living in Japan for several years, he launched the Kamaishi Initiative and mobilized several companies and rugby lovers in the Toulouse region.<br>In the days following the tsunami, the first help to arrive in the devastated area was from the Occitan oval.<br>The film tells the story of the reconstruction of Kamaishi, the Japanese port city destroyed by the 2011 tsunami, which managed to host several World Cup matches after the tragedy.<br>Despite the trauma, the difficulties and the differences in the choices made by the authorities, the people of Kamaishi have united to carry the project to the end. A success, synonymous with a new start in a land to which they are deeply attached.<\/p>\n","protected":false},"excerpt":{"rendered":"<p>Documentary film, directed by Julien Campet.Co-produced by vi\u00e0Occitanie and Via D\u00e9couvertes Films, with the support of the CNC, Centre National du cin\u00e9ma et de l&#8217;image anim\u00e9e. On March 11, 2011, [&hellip;]<\/p>\n","protected":false},"author":1,"featured_media":0,"parent":84,"menu_order":8,"comment_status":"closed","ping_status":"closed","template":"","meta":[],"_links":{"self":[{"href":"https:\/\/productionsdulagon.com\/en\/wp-json\/wp\/v2\/pages\/402"}],"collection":[{"href":"https:\/\/productionsdulagon.com\/en\/wp-json\/wp\/v2\/pages"}],"about":[{"href":"https:\/\/productionsdulagon.com\/en\/wp-json\/wp\/v2\/types\/page"}],"author":[{"embeddable":true,"href":"https:\/\/productionsdulagon.com\/en\/wp-json\/wp\/v2\/users\/1"}],"replies":[{"embeddable":true,"href":"https:\/\/productionsdulagon.com\/en\/wp-json\/wp\/v2\/comments?post=402"}],"version-history":[{"count":2,"href":"https:\/\/productionsdulagon.com\/en\/wp-json\/wp\/v2\/pages\/402\/revisions"}],"predecessor-version":[{"id":677,"href":"https:\/\/productionsdulagon.com\/en\/wp-json\/wp\/v2\/pages\/402\/revisions\/677"}],"up":[{"embeddable":true,"href":"https:\/\/productionsdulagon.com\/en\/wp-json\/wp\/v2\/pages\/84"}],"wp:attachment":[{"href":"https:\/\/productionsdulagon.com\/en\/wp-json\/wp\/v2\/media?parent=402"}],"curies":[{"name":"wp","href":"https:\/\/api.w.org\/{rel}","templated":true}]}}