{"id":411,"date":"2021-12-17T11:27:43","date_gmt":"2021-12-17T11:27:43","guid":{"rendered":"http:\/\/productionsdulagon.com\/en\/?page_id=411"},"modified":"2025-10-18T08:13:00","modified_gmt":"2025-10-18T08:13:00","slug":"what-remains-after","status":"publish","type":"page","link":"https:\/\/productionsdulagon.com\/en\/productions-in-progress\/what-remains-after\/","title":{"rendered":"WHAT REMAINS AFTER"},"content":{"rendered":"\n<figure class=\"wp-block-image size-large\"><img loading=\"lazy\" width=\"1024\" height=\"575\" src=\"http:\/\/productionsdulagon.com\/en\/wp-content\/uploads\/2021\/12\/Ce-quil-reste-apre\u0300s-1024x575.jpg\" alt=\"\" class=\"wp-image-508\" srcset=\"https:\/\/productionsdulagon.com\/en\/wp-content\/uploads\/2021\/12\/Ce-quil-reste-apre\u0300s-1024x575.jpg 1024w, https:\/\/productionsdulagon.com\/en\/wp-content\/uploads\/2021\/12\/Ce-quil-reste-apre\u0300s-600x337.jpg 600w, https:\/\/productionsdulagon.com\/en\/wp-content\/uploads\/2021\/12\/Ce-quil-reste-apre\u0300s-300x168.jpg 300w, https:\/\/productionsdulagon.com\/en\/wp-content\/uploads\/2021\/12\/Ce-quil-reste-apre\u0300s-768x431.jpg 768w, https:\/\/productionsdulagon.com\/en\/wp-content\/uploads\/2021\/12\/Ce-quil-reste-apre\u0300s-750x421.jpg 750w, https:\/\/productionsdulagon.com\/en\/wp-content\/uploads\/2021\/12\/Ce-quil-reste-apre\u0300s-400x224.jpg 400w, https:\/\/productionsdulagon.com\/en\/wp-content\/uploads\/2021\/12\/Ce-quil-reste-apre\u0300s-430x241.jpg 430w, https:\/\/productionsdulagon.com\/en\/wp-content\/uploads\/2021\/12\/Ce-quil-reste-apre\u0300s-150x84.jpg 150w, https:\/\/productionsdulagon.com\/en\/wp-content\/uploads\/2021\/12\/Ce-quil-reste-apre\u0300s-100x56.jpg 100w, https:\/\/productionsdulagon.com\/en\/wp-content\/uploads\/2021\/12\/Ce-quil-reste-apre\u0300s.jpg 1080w\" sizes=\"(max-width: 1024px) 100vw, 1024px\" \/><\/figure>\n\n\n\n<hr class=\"wp-block-separator has-text-color has-background has-white-background-color has-white-color is-style-wide\"\/>\n\n\n\n<p><em>Proposed by Ambra Tonini.<\/em> <br><em>With the support of the grant Brouillon d&#8217;un r\u00eave rep\u00e9rages et \u00e9criture of the Scam and the development aid of the Procirep and the Angoa.<br>With the support of the Nouvelle-Aquitaine region (program assistance).<\/em><\/p>\n\n\n\n<hr class=\"wp-block-separator has-text-color has-background has-white-background-color has-white-color is-style-wide\"\/>\n\n\n\n<p>With the women in my family, I organize a complicated move, during the second lockdown, after the death of my father and several relatives, to a village in northern Italy, one of the areas most affected by the pandemic when it begins in 2020. Grief and tension accumulate like the things to throw away that no one dares to touch. But when you arrive with several boxes at the village dump, you almost feel the air of a neighborhood caf\u00e9, you chat, you meet people, you sort out the waste and the emotions. Through the forgotten objects and abandoned places, I observe the emotional memory of my family and mine, to understand the mourning, for a need of transmission, and succeed in making the emptiness.<\/p>\n","protected":false},"excerpt":{"rendered":"<p>Proposed by Ambra Tonini. With the support of the grant Brouillon d&#8217;un r\u00eave rep\u00e9rages et \u00e9criture of the Scam and the development aid of the Procirep and the Angoa.With the [&hellip;]<\/p>\n","protected":false},"author":1,"featured_media":0,"parent":85,"menu_order":6,"comment_status":"closed","ping_status":"closed","template":"","meta":[],"_links":{"self":[{"href":"https:\/\/productionsdulagon.com\/en\/wp-json\/wp\/v2\/pages\/411"}],"collection":[{"href":"https:\/\/productionsdulagon.com\/en\/wp-json\/wp\/v2\/pages"}],"about":[{"href":"https:\/\/productionsdulagon.com\/en\/wp-json\/wp\/v2\/types\/page"}],"author":[{"embeddable":true,"href":"https:\/\/productionsdulagon.com\/en\/wp-json\/wp\/v2\/users\/1"}],"replies":[{"embeddable":true,"href":"https:\/\/productionsdulagon.com\/en\/wp-json\/wp\/v2\/comments?post=411"}],"version-history":[{"count":6,"href":"https:\/\/productionsdulagon.com\/en\/wp-json\/wp\/v2\/pages\/411\/revisions"}],"predecessor-version":[{"id":697,"href":"https:\/\/productionsdulagon.com\/en\/wp-json\/wp\/v2\/pages\/411\/revisions\/697"}],"up":[{"embeddable":true,"href":"https:\/\/productionsdulagon.com\/en\/wp-json\/wp\/v2\/pages\/85"}],"wp:attachment":[{"href":"https:\/\/productionsdulagon.com\/en\/wp-json\/wp\/v2\/media?parent=411"}],"curies":[{"name":"wp","href":"https:\/\/api.w.org\/{rel}","templated":true}]}}