{"id":415,"date":"2021-12-15T18:06:12","date_gmt":"2021-12-15T18:06:12","guid":{"rendered":"http:\/\/productionsdulagon.com\/en\/?page_id=415"},"modified":"2025-10-17T15:07:19","modified_gmt":"2025-10-17T15:07:19","slug":"a-french-youth","status":"publish","type":"page","link":"https:\/\/productionsdulagon.com\/en\/catalog\/a-french-youth\/","title":{"rendered":"FRAGMENTS OF A FRENCH YOUTH"},"content":{"rendered":"\n<figure class=\"wp-block-image size-large\"><img loading=\"lazy\" width=\"1024\" height=\"550\" src=\"http:\/\/productionsdulagon.com\/en\/wp-content\/uploads\/2021\/12\/Une-jeunesse-franc\u0327aise-1024x550.jpeg\" alt=\"\" class=\"wp-image-485\" srcset=\"https:\/\/productionsdulagon.com\/en\/wp-content\/uploads\/2021\/12\/Une-jeunesse-franc\u0327aise-1024x550.jpeg 1024w, https:\/\/productionsdulagon.com\/en\/wp-content\/uploads\/2021\/12\/Une-jeunesse-franc\u0327aise-600x322.jpeg 600w, https:\/\/productionsdulagon.com\/en\/wp-content\/uploads\/2021\/12\/Une-jeunesse-franc\u0327aise-300x161.jpeg 300w, https:\/\/productionsdulagon.com\/en\/wp-content\/uploads\/2021\/12\/Une-jeunesse-franc\u0327aise-768x413.jpeg 768w, https:\/\/productionsdulagon.com\/en\/wp-content\/uploads\/2021\/12\/Une-jeunesse-franc\u0327aise-750x403.jpeg 750w, https:\/\/productionsdulagon.com\/en\/wp-content\/uploads\/2021\/12\/Une-jeunesse-franc\u0327aise-400x215.jpeg 400w, https:\/\/productionsdulagon.com\/en\/wp-content\/uploads\/2021\/12\/Une-jeunesse-franc\u0327aise-430x231.jpeg 430w, https:\/\/productionsdulagon.com\/en\/wp-content\/uploads\/2021\/12\/Une-jeunesse-franc\u0327aise-150x81.jpeg 150w, https:\/\/productionsdulagon.com\/en\/wp-content\/uploads\/2021\/12\/Une-jeunesse-franc\u0327aise-100x54.jpeg 100w, https:\/\/productionsdulagon.com\/en\/wp-content\/uploads\/2021\/12\/Une-jeunesse-franc\u0327aise.jpeg 1535w\" sizes=\"(max-width: 1024px) 100vw, 1024px\" \/><\/figure>\n\n\n\n<div class=\"wp-block-group\"><div class=\"wp-block-group__inner-container\">\n<hr class=\"wp-block-separator has-text-color has-background has-white-background-color has-white-color is-style-wide\"\/>\n\n\n\n<p><em>80-minute documentary film, directed by J\u00e9r\u00e9mie Battaglia.<br>Co-produced by Ext\u00e9rieur Jour, 13Prods, Al Jazeera Documentary Channel, with the participation of France T\u00e9l\u00e9visions<\/em><\/p>\n\n\n\n<p><em>A film produced with the financial participation of SODEC \u2013 Soci\u00e9t\u00e9 de d\u00e9veloppement des entreprises culturelles du Qu\u00e9bec, CALQ \u2013 Conseil des arts et des lettres du Qu\u00e9bec, the refundable tax credit for Quebec film and television production, the tax credit for Canadian film or videotape production, and SCAM-Canada<\/em><\/p>\n\n\n\n<p><em>With the assistance of the Centre National de la Cin\u00e9matographie<\/em><\/p>\n\n\n\n<p><em>With the participation of the Fonds Images de la Diversit\u00e9 \u2013 Commissariat g\u00e9n\u00e9ral \u00e0 l\u2019\u00e9galit\u00e9 des territoires \u2013 Centre national du cin\u00e9ma et de l\u2019image anim\u00e9e<\/em><\/p>\n\n\n\n<p><em>With the support of the Nouvelle-Aquitaine Region, in partnership with the CNC<\/em><\/p>\n\n\n\n<hr class=\"wp-block-separator has-text-color has-background has-white-background-color has-white-color is-style-wide\"\/>\n<\/div><\/div>\n\n\n\n<p><em>Hot Docs 2024 \u2013 Toronto \u2013 Premi\u00e8re mondiale \u2013 S\u00e9lection officielle, Prix sp\u00e9cial du jury du\u00a0EBS International Documentary Festival (EIDF) \u00e0 S\u00e9oul\/Cor\u00e9e du Sud, Film d\u2019ouverture &amp;\u00a0Mention sp\u00e9ciale du jury\u00a0de la comp\u00e9tition documentaire du Festival de films francophones CINEMANIA 2024 \u2013 Premi\u00e8re qu\u00e9b\u00e9coise et ouverture de la comp\u00e9tition documentaire, Prix du Jury Post-Moderne dans la comp\u00e9tition Films du Qu\u00e9bec, et Mention sp\u00e9ciale du Jury dans la comp\u00e9tition documentaires, Prix du jury Post-Moderne\u00a0de la comp\u00e9tition Films\u00a0Rendez-vous du Qu\u00e9bec Cin\u00e9ma 2025 \u2013 Montr\u00e9al,\u00a0QuebecCine MX 2025 \u2013 Mexico, Mexique, Prix des jeunes de la M\u00e9diterran\u00e9e et prix \u00e0 la diffusion de la RAI dans le cadre de sa s\u00e9lection au Festival PRIMED\u00a02024 \u2013 Marseille,\u00a0FestIFIS 2025 \u2013 Festival International des Films Identitaires et Solidaires \u2013 Nikki \u2013 B\u00e9nin, S\u00e9lection Internationale \u2013 Mention sp\u00e9ciale du public,\u00a0DocuMed 2025 \u2013 Festival du Cin\u00e9ma Documentaire M\u00e9diterran\u00e9en en Tunisie<\/em><\/p>\n\n\n\n<hr class=\"wp-block-separator has-text-color has-background has-white-background-color has-white-color is-style-wide\"\/>\n\n\n\n<p>In the south of France, in the heart of the Camargue, Jawad and Belka, two young men of North African origin, find freedom through their passion for Camargue racing. Much more than a traditional fight, this no-kill confrontation in front of a bull allows them to take their place in the arena as well as in French society. But at what price?<\/p>\n","protected":false},"excerpt":{"rendered":"<p>80-minute documentary film, directed by J\u00e9r\u00e9mie Battaglia.Co-produced by Ext\u00e9rieur Jour, 13Prods, Al Jazeera Documentary Channel, with the participation of France T\u00e9l\u00e9visions A film produced with the financial participation of SODEC [&hellip;]<\/p>\n","protected":false},"author":1,"featured_media":0,"parent":84,"menu_order":3,"comment_status":"closed","ping_status":"closed","template":"","meta":[],"_links":{"self":[{"href":"https:\/\/productionsdulagon.com\/en\/wp-json\/wp\/v2\/pages\/415"}],"collection":[{"href":"https:\/\/productionsdulagon.com\/en\/wp-json\/wp\/v2\/pages"}],"about":[{"href":"https:\/\/productionsdulagon.com\/en\/wp-json\/wp\/v2\/types\/page"}],"author":[{"embeddable":true,"href":"https:\/\/productionsdulagon.com\/en\/wp-json\/wp\/v2\/users\/1"}],"replies":[{"embeddable":true,"href":"https:\/\/productionsdulagon.com\/en\/wp-json\/wp\/v2\/comments?post=415"}],"version-history":[{"count":12,"href":"https:\/\/productionsdulagon.com\/en\/wp-json\/wp\/v2\/pages\/415\/revisions"}],"predecessor-version":[{"id":661,"href":"https:\/\/productionsdulagon.com\/en\/wp-json\/wp\/v2\/pages\/415\/revisions\/661"}],"up":[{"embeddable":true,"href":"https:\/\/productionsdulagon.com\/en\/wp-json\/wp\/v2\/pages\/84"}],"wp:attachment":[{"href":"https:\/\/productionsdulagon.com\/en\/wp-json\/wp\/v2\/media?parent=415"}],"curies":[{"name":"wp","href":"https:\/\/api.w.org\/{rel}","templated":true}]}}