{"id":538,"date":"2022-11-19T13:20:48","date_gmt":"2022-11-19T13:20:48","guid":{"rendered":"http:\/\/productionsdulagon.com\/en\/?page_id=538"},"modified":"2025-10-17T15:12:07","modified_gmt":"2025-10-17T15:12:07","slug":"a-couch-on-the-hill","status":"publish","type":"page","link":"https:\/\/productionsdulagon.com\/en\/catalog\/a-couch-on-the-hill\/","title":{"rendered":"A COUCH ON THE HILL"},"content":{"rendered":"\n<hr class=\"wp-block-separator has-text-color has-background has-white-background-color has-white-color is-style-wide\"\/>\n\n\n\n<p><em>A 90 and 54 minutes documentary film, written by Fran\u00e7ois Ducat, co-directed by Fran\u00e7ois Ducat and Salah Abunima.<br>Produced by Val\u00e9rie Dupin and Isabel de la Serna.<br>In coproduction with RTBF T\u00e9l\u00e9vision belge, Aljazeera Documentary, Lyon Capitale TV, Shelter Prod, Seingalt.<br>With the support of the Centre du Cin\u00e9ma et de l&#8217;Audiovisuel de la F\u00e9d\u00e9ration Wallonie-Bruxelles and the Centre national du cin\u00e9ma et de l&#8217;image anim\u00e9e,<br>With the support of the Belgian Development Cooperation &#8211; DGD, of Taxshelter.be and ING of the tax shelter of the federal government of Belgium,<br>Wallonie-Bruxelles International, Brot f\u00fcr die Welt and the Region Provence-Alpes-C\u00f4te d&#8217;Azur.<\/em><\/p>\n\n\n\n<hr class=\"wp-block-separator has-text-color has-background has-white-background-color has-white-color is-style-wide\"\/>\n\n\n\n<p>Bara&#8217;a, Ala&#8217; and Ibraheem, three 17 years old Palestinians, are finishing their schooling and plan to leave to continue their studies in Europe. Like the train that they cannot take and that passes by their school every 25 minutes, their future comes up against a multitude of prohibitions and impossible dreams, with the only horizon being precariousness, the absence of opportunities, the impression of being condemned for life to pacing the confined space of Battir, their small native territory, and the car trips in the hills to smoke joints.<\/p>\n\n\n\n<hr class=\"wp-block-separator has-text-color has-background has-white-background-color has-white-color is-style-wide\"\/>\n\n\n\n<p>Film press kit: <a href=\"http:\/\/productionsdulagon.com\/DOSSIER_PRESSE_UN_DIVAN_SUR_LA_COLLINE.pdf\"><span class=\"has-inline-color has-vivid-green-cyan-color\">click here<\/span><\/a><\/p>\n\n\n\n<p>Film teaching pack: <a href=\"https:\/\/productionsdulagon.com\/DOCUMENTS_LAGON\/DOSSIER_PEDAGOGIQUE_UN_DIVAN_SUR_LA_COLLINE_23_08_21.pdf\"><span class=\"has-inline-color has-vivid-green-cyan-color\">click here<\/span><\/a><\/p>\n","protected":false},"excerpt":{"rendered":"<p>A 90 and 54 minutes documentary film, written by Fran\u00e7ois Ducat, co-directed by Fran\u00e7ois Ducat and Salah Abunima.Produced by Val\u00e9rie Dupin and Isabel de la Serna.In coproduction with RTBF T\u00e9l\u00e9vision [&hellip;]<\/p>\n","protected":false},"author":1,"featured_media":539,"parent":84,"menu_order":4,"comment_status":"closed","ping_status":"closed","template":"","meta":[],"_links":{"self":[{"href":"https:\/\/productionsdulagon.com\/en\/wp-json\/wp\/v2\/pages\/538"}],"collection":[{"href":"https:\/\/productionsdulagon.com\/en\/wp-json\/wp\/v2\/pages"}],"about":[{"href":"https:\/\/productionsdulagon.com\/en\/wp-json\/wp\/v2\/types\/page"}],"author":[{"embeddable":true,"href":"https:\/\/productionsdulagon.com\/en\/wp-json\/wp\/v2\/users\/1"}],"replies":[{"embeddable":true,"href":"https:\/\/productionsdulagon.com\/en\/wp-json\/wp\/v2\/comments?post=538"}],"version-history":[{"count":7,"href":"https:\/\/productionsdulagon.com\/en\/wp-json\/wp\/v2\/pages\/538\/revisions"}],"predecessor-version":[{"id":663,"href":"https:\/\/productionsdulagon.com\/en\/wp-json\/wp\/v2\/pages\/538\/revisions\/663"}],"up":[{"embeddable":true,"href":"https:\/\/productionsdulagon.com\/en\/wp-json\/wp\/v2\/pages\/84"}],"wp:featuredmedia":[{"embeddable":true,"href":"https:\/\/productionsdulagon.com\/en\/wp-json\/wp\/v2\/media\/539"}],"wp:attachment":[{"href":"https:\/\/productionsdulagon.com\/en\/wp-json\/wp\/v2\/media?parent=538"}],"curies":[{"name":"wp","href":"https:\/\/api.w.org\/{rel}","templated":true}]}}