{"id":557,"date":"2022-12-28T12:56:47","date_gmt":"2022-12-28T12:56:47","guid":{"rendered":"http:\/\/productionsdulagon.com\/en\/?page_id=557"},"modified":"2025-10-18T08:14:33","modified_gmt":"2025-10-18T08:14:33","slug":"breaking-the-curse","status":"publish","type":"page","link":"https:\/\/productionsdulagon.com\/en\/productions-in-progress\/breaking-the-curse\/","title":{"rendered":"BREAKING THE CURSE"},"content":{"rendered":"\n<figure class=\"wp-block-image size-full\"><img loading=\"lazy\" width=\"715\" height=\"426\" src=\"http:\/\/productionsdulagon.com\/en\/wp-content\/uploads\/2022\/12\/Rompre-le-mauvais-sort.png\" alt=\"\" class=\"wp-image-562\" srcset=\"https:\/\/productionsdulagon.com\/en\/wp-content\/uploads\/2022\/12\/Rompre-le-mauvais-sort.png 715w, https:\/\/productionsdulagon.com\/en\/wp-content\/uploads\/2022\/12\/Rompre-le-mauvais-sort-300x179.png 300w, https:\/\/productionsdulagon.com\/en\/wp-content\/uploads\/2022\/12\/Rompre-le-mauvais-sort-400x238.png 400w, https:\/\/productionsdulagon.com\/en\/wp-content\/uploads\/2022\/12\/Rompre-le-mauvais-sort-430x256.png 430w, https:\/\/productionsdulagon.com\/en\/wp-content\/uploads\/2022\/12\/Rompre-le-mauvais-sort-150x89.png 150w, https:\/\/productionsdulagon.com\/en\/wp-content\/uploads\/2022\/12\/Rompre-le-mauvais-sort-100x60.png 100w, https:\/\/productionsdulagon.com\/en\/wp-content\/uploads\/2022\/12\/Rompre-le-mauvais-sort-600x357.png 600w\" sizes=\"(max-width: 715px) 100vw, 715px\" \/><\/figure>\n\n\n\n<hr class=\"wp-block-separator has-text-color has-background has-white-background-color has-white-color is-style-wide\"\/>\n\n\n\n<p><em>A documentary film project written and directed by Push Anonym.<br>With writing support from the CNC&#8217;s Images de la Diversit\u00e9 Fund, development support from Procirep, Soci\u00e9t\u00e9 des Producteurs and Angoa, and programme support from the Nouvelle-Aquitaine region.<\/em><\/p>\n\n\n\n<hr class=\"wp-block-separator has-text-color has-background has-white-background-color has-white-color is-style-wide\"\/>\n\n\n<p>For the past few years, three women have been regularly featured in local and national newspapers. They have become the spokespersons for the Air Bel neighborhood, representing nearly 6,000 inhabitants, and are known as the Three Musketeers.<\/p>\n\n\n<p>Djamila, Rania and Ida are very busy mothers, who have become the driving force of a whole area that is prey to a worrying weakening of the housing stock.<\/p>\n\n\n\n<p>From the corridors of the city to those of the high authorities, they operate many levers to press the high political and real estate officials. No more promises, the launching of major renovation works must be done as soon as possible and under control to avoid any malfunction.<\/p>\n\n\n\n<p>While the balance of power seems to be lost in advance, they lead us into a world where the daily consideration of each other thwarts the bad luck of life.<\/p>\n","protected":false},"excerpt":{"rendered":"<p>A documentary film project written and directed by Push Anonym.With writing support from the CNC&#8217;s Images de la Diversit\u00e9 Fund, development support from Procirep, Soci\u00e9t\u00e9 des Producteurs and Angoa, and [&hellip;]<\/p>\n","protected":false},"author":1,"featured_media":0,"parent":85,"menu_order":4,"comment_status":"closed","ping_status":"closed","template":"","meta":[],"_links":{"self":[{"href":"https:\/\/productionsdulagon.com\/en\/wp-json\/wp\/v2\/pages\/557"}],"collection":[{"href":"https:\/\/productionsdulagon.com\/en\/wp-json\/wp\/v2\/pages"}],"about":[{"href":"https:\/\/productionsdulagon.com\/en\/wp-json\/wp\/v2\/types\/page"}],"author":[{"embeddable":true,"href":"https:\/\/productionsdulagon.com\/en\/wp-json\/wp\/v2\/users\/1"}],"replies":[{"embeddable":true,"href":"https:\/\/productionsdulagon.com\/en\/wp-json\/wp\/v2\/comments?post=557"}],"version-history":[{"count":10,"href":"https:\/\/productionsdulagon.com\/en\/wp-json\/wp\/v2\/pages\/557\/revisions"}],"predecessor-version":[{"id":699,"href":"https:\/\/productionsdulagon.com\/en\/wp-json\/wp\/v2\/pages\/557\/revisions\/699"}],"up":[{"embeddable":true,"href":"https:\/\/productionsdulagon.com\/en\/wp-json\/wp\/v2\/pages\/85"}],"wp:attachment":[{"href":"https:\/\/productionsdulagon.com\/en\/wp-json\/wp\/v2\/media?parent=557"}],"curies":[{"name":"wp","href":"https:\/\/api.w.org\/{rel}","templated":true}]}}