{"id":587,"date":"2024-03-10T10:34:14","date_gmt":"2024-03-10T10:34:14","guid":{"rendered":"http:\/\/productionsdulagon.com\/en\/?page_id=587"},"modified":"2025-11-09T15:06:30","modified_gmt":"2025-11-09T15:06:30","slug":"body-and-soul","status":"publish","type":"page","link":"https:\/\/productionsdulagon.com\/en\/catalog\/body-and-soul\/","title":{"rendered":"VOID WORKERS"},"content":{"rendered":"\n<figure class=\"wp-block-image size-full\"><img loading=\"lazy\" width=\"778\" height=\"484\" src=\"http:\/\/productionsdulagon.com\/en\/wp-content\/uploads\/2024\/03\/image001.png\" alt=\"\" class=\"wp-image-589\" srcset=\"https:\/\/productionsdulagon.com\/en\/wp-content\/uploads\/2024\/03\/image001.png 778w, https:\/\/productionsdulagon.com\/en\/wp-content\/uploads\/2024\/03\/image001-300x187.png 300w, https:\/\/productionsdulagon.com\/en\/wp-content\/uploads\/2024\/03\/image001-768x478.png 768w, https:\/\/productionsdulagon.com\/en\/wp-content\/uploads\/2024\/03\/image001-750x467.png 750w, https:\/\/productionsdulagon.com\/en\/wp-content\/uploads\/2024\/03\/image001-400x249.png 400w, https:\/\/productionsdulagon.com\/en\/wp-content\/uploads\/2024\/03\/image001-430x268.png 430w, https:\/\/productionsdulagon.com\/en\/wp-content\/uploads\/2024\/03\/image001-150x93.png 150w, https:\/\/productionsdulagon.com\/en\/wp-content\/uploads\/2024\/03\/image001-100x62.png 100w, https:\/\/productionsdulagon.com\/en\/wp-content\/uploads\/2024\/03\/image001-600x373.png 600w\" sizes=\"(max-width: 778px) 100vw, 778px\" \/><\/figure>\n\n\n\n<div class=\"wp-block-group\"><div class=\"wp-block-group__inner-container\">\n<hr class=\"wp-block-separator has-text-color has-background has-white-background-color has-white-color is-style-wide\"\/>\n\n\n\n<p><em>Documentary film, written and directed by Jane Kozlowski, co-produced by France T\u00e9l\u00e9visions, Lyon Capitale TV and CirkVOST, with the support of the CNC, the Nouvelle-Aquitaine region and the Auvergne Rh\u00f4ne-Alpes region.<\/em><\/p>\n\n\n\n<p><em>S<meta charset=\"utf-8\">elected for the 2024 Filmer le Travail Festival, Itin\u00e9rances \u00e0 Al\u00e8s, Les Rencontres Ad hoc and Mois du film documentaire.<\/em><\/p>\n<\/div><\/div>\n\n\n\n<p><br><\/p>\n\n\n\n<hr class=\"wp-block-separator has-text-color has-background has-white-background-color has-white-color is-style-wide\"\/>\n\n\n\n<p><\/p>\n\n\n\n<p>VOST is high-flying.<br>It&#8217;s the highest big top in Europe.<br>It&#8217;s a collective with no hierarchy, no leader, no director.<br>It&#8217;s a group of men and women who give their all to make a show happen, braving technical, financial and personal difficulties.<br>VOST is a group of people whose job it is to leap into the void and take us into a world that&#8217;s more open than the big wide world.<br>Welcome to Planet VOST!<\/p>\n","protected":false},"excerpt":{"rendered":"<p>Documentary film, written and directed by Jane Kozlowski, co-produced by France T\u00e9l\u00e9visions, Lyon Capitale TV and CirkVOST, with the support of the CNC, the Nouvelle-Aquitaine region and the Auvergne Rh\u00f4ne-Alpes [&hellip;]<\/p>\n","protected":false},"author":1,"featured_media":0,"parent":84,"menu_order":0,"comment_status":"closed","ping_status":"closed","template":"","meta":[],"_links":{"self":[{"href":"https:\/\/productionsdulagon.com\/en\/wp-json\/wp\/v2\/pages\/587"}],"collection":[{"href":"https:\/\/productionsdulagon.com\/en\/wp-json\/wp\/v2\/pages"}],"about":[{"href":"https:\/\/productionsdulagon.com\/en\/wp-json\/wp\/v2\/types\/page"}],"author":[{"embeddable":true,"href":"https:\/\/productionsdulagon.com\/en\/wp-json\/wp\/v2\/users\/1"}],"replies":[{"embeddable":true,"href":"https:\/\/productionsdulagon.com\/en\/wp-json\/wp\/v2\/comments?post=587"}],"version-history":[{"count":13,"href":"https:\/\/productionsdulagon.com\/en\/wp-json\/wp\/v2\/pages\/587\/revisions"}],"predecessor-version":[{"id":717,"href":"https:\/\/productionsdulagon.com\/en\/wp-json\/wp\/v2\/pages\/587\/revisions\/717"}],"up":[{"embeddable":true,"href":"https:\/\/productionsdulagon.com\/en\/wp-json\/wp\/v2\/pages\/84"}],"wp:attachment":[{"href":"https:\/\/productionsdulagon.com\/en\/wp-json\/wp\/v2\/media?parent=587"}],"curies":[{"name":"wp","href":"https:\/\/api.w.org\/{rel}","templated":true}]}}