{"id":721,"date":"2025-11-25T10:04:02","date_gmt":"2025-11-25T10:04:02","guid":{"rendered":"https:\/\/productionsdulagon.com\/en\/?page_id=721"},"modified":"2025-11-25T10:04:03","modified_gmt":"2025-11-25T10:04:03","slug":"escape","status":"publish","type":"page","link":"https:\/\/productionsdulagon.com\/en\/productions-in-progress\/escape\/","title":{"rendered":"ESCAPE"},"content":{"rendered":"\n<figure class=\"wp-block-image size-large\"><img loading=\"lazy\" width=\"1024\" height=\"667\" src=\"http:\/\/productionsdulagon.com\/en\/wp-content\/uploads\/2025\/11\/Les-e\u0301chappe\u0301es-1024x667.png\" alt=\"\" class=\"wp-image-723\" srcset=\"https:\/\/productionsdulagon.com\/en\/wp-content\/uploads\/2025\/11\/Les-e\u0301chappe\u0301es-1024x667.png 1024w, https:\/\/productionsdulagon.com\/en\/wp-content\/uploads\/2025\/11\/Les-e\u0301chappe\u0301es-300x195.png 300w, https:\/\/productionsdulagon.com\/en\/wp-content\/uploads\/2025\/11\/Les-e\u0301chappe\u0301es-768x500.png 768w, https:\/\/productionsdulagon.com\/en\/wp-content\/uploads\/2025\/11\/Les-e\u0301chappe\u0301es-1536x1001.png 1536w, https:\/\/productionsdulagon.com\/en\/wp-content\/uploads\/2025\/11\/Les-e\u0301chappe\u0301es-750x489.png 750w, https:\/\/productionsdulagon.com\/en\/wp-content\/uploads\/2025\/11\/Les-e\u0301chappe\u0301es-400x261.png 400w, https:\/\/productionsdulagon.com\/en\/wp-content\/uploads\/2025\/11\/Les-e\u0301chappe\u0301es-430x280.png 430w, https:\/\/productionsdulagon.com\/en\/wp-content\/uploads\/2025\/11\/Les-e\u0301chappe\u0301es-150x98.png 150w, https:\/\/productionsdulagon.com\/en\/wp-content\/uploads\/2025\/11\/Les-e\u0301chappe\u0301es-100x65.png 100w, https:\/\/productionsdulagon.com\/en\/wp-content\/uploads\/2025\/11\/Les-e\u0301chappe\u0301es-600x391.png 600w, https:\/\/productionsdulagon.com\/en\/wp-content\/uploads\/2025\/11\/Les-e\u0301chappe\u0301es.png 1596w\" sizes=\"(max-width: 1024px) 100vw, 1024px\" \/><\/figure>\n\n\n\n<hr class=\"wp-block-separator has-text-color has-background has-white-background-color has-white-color is-style-wide\"\/>\n\n\n\n<p><em>A documentary film project written and directed by Val\u00e9rie Mitteaux.<\/em> <em>With development support from Procirep, Angoa, and Montpellier M\u00e9diterran\u00e9e M\u00e9tropole.<\/em><\/p>\n\n\n\n<hr class=\"wp-block-separator has-text-color has-background has-white-background-color has-white-color is-style-wide\"\/>\n\n\n\n<p>Escape<\/p>\n\n\n\n<p>Getaway, flight; free but confined space, open to view and light.<\/p>\n\n\n\n<p>A person who has fled from a place where they were being held; an escapee.<\/p>\n\n\n\n<p>To escape<\/p>\n\n\n\n<p>The act of escaping, fleeing.\u2028<\/p>\n\n\n\n<p>Antonym: to obey, to surrender, to submit, to follow.<\/p>\n\n\n\n<p>After intimacy with men, more and more women are deciding to live in homosexual relationships. Between irrepressible impulse, rational decision and ultimate solution, I wonder what this wave is based on, and how escaping the norm influences these adventurers. By gathering their experiences, I want to understand how this shift now colours their lives and their relationship with masculinity. In this reality, which is still unfriendly to minorities and women, a reality that continues to brandish male domination as the only model, we move forward in solidarity. <\/p>\n","protected":false},"excerpt":{"rendered":"<p>A documentary film project written and directed by Val\u00e9rie Mitteaux. With development support from Procirep, Angoa, and Montpellier M\u00e9diterran\u00e9e M\u00e9tropole. Escape Getaway, flight; free but confined space, open to view [&hellip;]<\/p>\n","protected":false},"author":1,"featured_media":0,"parent":85,"menu_order":1,"comment_status":"closed","ping_status":"closed","template":"","meta":[],"_links":{"self":[{"href":"https:\/\/productionsdulagon.com\/en\/wp-json\/wp\/v2\/pages\/721"}],"collection":[{"href":"https:\/\/productionsdulagon.com\/en\/wp-json\/wp\/v2\/pages"}],"about":[{"href":"https:\/\/productionsdulagon.com\/en\/wp-json\/wp\/v2\/types\/page"}],"author":[{"embeddable":true,"href":"https:\/\/productionsdulagon.com\/en\/wp-json\/wp\/v2\/users\/1"}],"replies":[{"embeddable":true,"href":"https:\/\/productionsdulagon.com\/en\/wp-json\/wp\/v2\/comments?post=721"}],"version-history":[{"count":1,"href":"https:\/\/productionsdulagon.com\/en\/wp-json\/wp\/v2\/pages\/721\/revisions"}],"predecessor-version":[{"id":725,"href":"https:\/\/productionsdulagon.com\/en\/wp-json\/wp\/v2\/pages\/721\/revisions\/725"}],"up":[{"embeddable":true,"href":"https:\/\/productionsdulagon.com\/en\/wp-json\/wp\/v2\/pages\/85"}],"wp:attachment":[{"href":"https:\/\/productionsdulagon.com\/en\/wp-json\/wp\/v2\/media?parent=721"}],"curies":[{"name":"wp","href":"https:\/\/api.w.org\/{rel}","templated":true}]}}